{"id":38,"date":"2022-11-09T19:16:57","date_gmt":"2022-11-09T19:16:57","guid":{"rendered":"https:\/\/www.makau.cl\/thermal\/?page_id=38"},"modified":"2025-11-17T14:22:39","modified_gmt":"2025-11-17T14:22:39","slug":"home","status":"publish","type":"page","link":"https:\/\/www.thermal.cl\/en\/","title":{"rendered":"Home"},"content":{"rendered":"<section class=\"l-section wpb_row height_auto\"><div class=\"l-section-h i-cf\"><div class=\"g-cols vc_row via_grid cols_1 laptops-cols_inherit tablets-cols_inherit mobiles-cols_1 valign_top type_default stacking_default\"><div class=\"wpb_column vc_column_container\"><div class=\"vc_column-inner\"><div class=\"w-separator size_medium\"><\/div><div class=\"wpb_text_column\"><div class=\"wpb_wrapper\"><h3 style=\"text-align: center;\"><span style=\"color: #f10000;\">Professional Equipment in Thermal and Combustion Processes<\/span><\/h3>\n<\/div><\/div><div class=\"w-slider style_none fit_cover\"><div class=\"w-slider-h\"><div class=\"royalSlider\"><div class=\"rsContent\"><a class=\"rsImg\" data-rsw=\"1280\" data-rsh=\"960\" href=\"https:\/\/www.thermal.cl\/wp-content\/uploads\/2025\/11\/s5.jpg\"><span data-alt=\"\"><\/span><\/a><\/div><div class=\"rsContent\"><a class=\"rsImg\" data-rsw=\"1280\" data-rsh=\"960\" href=\"https:\/\/www.thermal.cl\/wp-content\/uploads\/2025\/11\/s2.jpg\"><span data-alt=\"\"><\/span><\/a><\/div><div class=\"rsContent\"><a class=\"rsImg\" data-rsw=\"1280\" data-rsh=\"960\" href=\"https:\/\/www.thermal.cl\/wp-content\/uploads\/2025\/11\/s1.jpg\"><span data-alt=\"\"><\/span><\/a><\/div><div class=\"rsContent\"><a class=\"rsImg\" data-rsw=\"1280\" data-rsh=\"960\" href=\"https:\/\/www.thermal.cl\/wp-content\/uploads\/2025\/11\/s7.jpg\"><span data-alt=\"\"><\/span><\/a><\/div><div class=\"rsContent\"><a class=\"rsImg\" data-rsw=\"1280\" data-rsh=\"960\" href=\"https:\/\/www.thermal.cl\/wp-content\/uploads\/2025\/11\/s3.jpg\"><span data-alt=\"\"><\/span><\/a><\/div><div class=\"rsContent\"><a class=\"rsImg\" data-rsw=\"1280\" data-rsh=\"960\" href=\"https:\/\/www.thermal.cl\/wp-content\/uploads\/2025\/11\/s4.jpg\"><span data-alt=\"\"><\/span><\/a><\/div><div class=\"rsContent\"><a class=\"rsImg\" data-rsw=\"1280\" data-rsh=\"960\" href=\"https:\/\/www.thermal.cl\/wp-content\/uploads\/2025\/11\/s6.jpg\"><span data-alt=\"\"><\/span><\/a><\/div><div class=\"rsContent\"><a class=\"rsImg\" data-rsw=\"1280\" data-rsh=\"960\" href=\"https:\/\/www.thermal.cl\/wp-content\/uploads\/2025\/11\/s8.jpg\"><span data-alt=\"\"><\/span><\/a><\/div><div class=\"rsContent\"><a class=\"rsImg\" data-rsw=\"1280\" data-rsh=\"960\" href=\"https:\/\/www.thermal.cl\/wp-content\/uploads\/2025\/11\/s9.jpg\"><span data-alt=\"\"><\/span><\/a><\/div><\/div><img decoding=\"async\" src=\"https:\/\/www.thermal.cl\/wp-content\/uploads\/2025\/11\/s5.jpg\" width=\"1280\" height=\"960\" alt loading=\"lazy\"><\/div><div class=\"w-slider-json\" onclick='return {&quot;autoScaleSlider&quot;:true,&quot;loop&quot;:true,&quot;fadeInLoadedSlide&quot;:false,&quot;slidesSpacing&quot;:0,&quot;imageScalePadding&quot;:0,&quot;numImagesToPreload&quot;:2,&quot;arrowsNav&quot;:true,&quot;arrowsNavAutoHide&quot;:false,&quot;transitionType&quot;:&quot;move&quot;,&quot;transitionSpeed&quot;:250,&quot;block&quot;:{&quot;moveEffect&quot;:&quot;none&quot;,&quot;speed&quot;:300},&quot;thumbs&quot;:{&quot;fitInViewport&quot;:false},&quot;controlNavigation&quot;:&quot;bullets&quot;,&quot;imageScaleMode&quot;:&quot;fill&quot;,&quot;autoScaleSliderWidth&quot;:1280,&quot;autoScaleSliderHeight&quot;:960}'><\/div><\/div><div class=\"w-separator size_medium\"><\/div><div class=\"g-cols wpb_row via_grid cols_2 laptops-cols_inherit tablets-cols_inherit mobiles-cols_1 valign_top type_default stacking_default\" style=\"--gap:3rem;\"><div class=\"wpb_column vc_column_container\"><div class=\"vc_column-inner\"><div class=\"wpb_text_column\"><div class=\"wpb_wrapper\"><div class=\"column mcb-column one column_column column-margin-20px\">\n<div class=\"column_attr clearfix align_justify\">\n<p style=\"text-align: justify;\">Thermal Engineering Inc. was founded in 1997, with the idea of developing engineering projects and supply consultancy services in energy and thermic processes areas. With the increase of the need of our clients for counting with \u201cturnkey\u201d solutions, we decided to complement our engineering services with the representation of equipments and after-sales services. Through the years we have been able to form a solid team of professionals, that allow us to deal in a very safe way with any project linked to thermal processes.<\/p>\n<h4 style=\"text-align: justify;\"><span style=\"color: #f10000;\">We have formed an excellent team <\/span><br \/>\n<span style=\"color: #f10000;\">of professionals<\/span><\/h4>\n<p style=\"text-align: justify;\">In view of our customers&#8217; growing need for &#8220;turnkey&#8221; solutions, we decided to complement our engineering services with the representation of equipment and the realization of after-sales services.<\/p>\n<\/div>\n<\/div>\n<\/div><\/div><\/div><\/div><div class=\"wpb_column vc_column_container\"><div class=\"vc_column-inner\"><div class=\"w-video us_custom_447bff20 align_none ratio_16x9 has_border_radius has_iframe\"><div class=\"w-video-h\"><iframe title=\"Youtube video player\" src=\"\/\/www.youtube.com\/embed\/FaZLRGELpjk?autoplay=0&controls=1&origin=https:\/\/www.thermal.cl\/en\/&loop=0&mute=0\" allowfullscreen=\"1\" loading=\"lazy\"><\/iframe><\/div><div class=\"w-video-icon\" style=\"font-size:1.5rem;background:rgba(0,0,0,0.5);color:#fff\"><\/div><\/div><\/div><\/div><\/div><div class=\"w-separator size_small\"><\/div><\/div><\/div><\/div><\/div><\/section><section class=\"l-section wpb_row height_medium\"><div class=\"l-section-h i-cf\"><div class=\"g-cols vc_row via_grid cols_3 laptops-cols_inherit tablets-cols_inherit mobiles-cols_1 valign_top type_default stacking_default\"><div class=\"wpb_column vc_column_container\"><div class=\"vc_column-inner\"><\/div><\/div><div class=\"wpb_column vc_column_container\"><div class=\"vc_column-inner\"><div class=\"w-image us_custom_447bff20 align_center\"><div class=\"w-image-h\"><img loading=\"lazy\" decoding=\"async\" width=\"190\" height=\"140\" src=\"https:\/\/www.thermal.cl\/wp-content\/uploads\/2022\/12\/juanpablo-1.jpg\" class=\"attachment-large size-large\" alt=\"\" \/><\/div><\/div><div class=\"w-separator size_small\"><\/div><div class=\"wpb_text_column\"><div class=\"wpb_wrapper\"><h5 class=\"title\" style=\"text-align: center;\">1967 &#8211; 2006<\/h5>\n<\/div><\/div><div class=\"w-popup w-btn-wrapper align_center\"><button aria-label=\"Farewell to Juan Pablo Bancalari Cornejo\" class=\"w-popup-trigger type_btn w-btn us-btn-style_3\"><span class=\"w-btn-label\">Farewell to Juan Pablo Bancalari Cornejo<\/span><\/button><div class=\"w-popup-overlay\" style=\"background:rgba(0,0,0,0.85);\"><\/div><div class=\"w-popup-wrap layout_default\" style=\"--title-color:var(--color-content-heading);--title-bg-color:var(--color-content-bg-alt);--content-color:var(--color-content-text);--content-bg-color:var(--color-content-bg);--popup-width:600px;--popup-padding:5%;\"><div class=\"w-popup-box animation_fadeIn closerpos_outside with_title\"><div class=\"w-popup-box-h\"><div class=\"w-popup-box-title\">Farewell to Juan Pablo Bancalari Cornejo<\/div><div class=\"w-popup-box-content\"><p><b>Ingeniero Civil Mec\u00e1nico (Termo\ufb02u\u00eddos)<\/b><br \/>\n<b>Gerente de Proyectos y Socio de Thermal Engineering Ltda.<\/b><\/p>\n<p>Desarmar todo objeto que llegara a sus manos era el pasatiempo favorito de Juan Pablo cuando ni\u00f1o. Ello indica que desde corta edad ten\u00eda inter\u00e9s por entender el funcionamiento de las cosas. Por eso, no es extra\u00f1o que decidiera estudiar Ingenier\u00eda Civil Mec\u00e1nica en su natal Concepci\u00f3n.<\/p>\n<p>Y fue en sus a\u00f1os de universidad cuando opt\u00f3 por especializarse en el \u00e1rea de termo\ufb02u\u00eddos, en la que se sigui\u00f3 desarrollando como Gerente de Proyectos en Thermal Engineering.<\/p>\n<p>Antes de participar en la creaci\u00f3n de esa \ufb01rma, prest\u00f3 servicios en Nestl\u00e9, donde le correspondi\u00f3 gestionar el primer proyecto de compensaci\u00f3n de emisiones y colaborar con la Comisi\u00f3n de Medio Ambiente de Sofofa.<\/p>\n<p>Sus esfuerzos estaban dirigidos principalmente a que Thermal Engineering siguiera creciendo en sus actuales campos de acci\u00f3n para que se incorporara como actor relevante a la gesti\u00f3n e\ufb01ciente de la energ\u00eda, toda vez que hoy son pocas las empresas que le dan real importancia al tema.<\/p>\n<p>Juan Pablo, fue adem\u00e1s socio fundador de la Asociaci\u00f3n Chilena de Energ\u00edas Renovables Alternativas (ACERA), y ten\u00eda el \ufb01rme objetivo de promover el uso de fuentes energ\u00e9ticas m\u00e1s limpias.<\/p>\n<p>Sus socios y compa\u00f1eros de trabajo con gran admiraci\u00f3n lo vimos trabajar y luchar por este proyecto com\u00fan con gran profesionalismo, \u00e9tica, perseverancia, entusiasmo y con la gran calidez humana que lo caracterizaba. As\u00ed mismo, lo vimos realizarse y avanzar con gran felicidad y compromiso en sus proyectos personales junto a su familia, que era su gran motor en la vida, su esposa Paulina y sus hijos Tom\u00e1s, Sof\u00eda y el ni\u00f1o que viene en camino.<\/p>\n<p>Hoy, tus compa\u00f1eros de trabajo, tuvimos que despedirte, pero esperamos encontrarnos contigo alg\u00fan d\u00eda en alguna parte del universo, mientras tanto caminaremos motivados por el recuerdo de tu gran profesionalismo y \u00e9tica para hacer crecer este sue\u00f1o com\u00fan, Thermal Engineering<\/p>\n<p><strong>Tus compa\u00f1eros de trabajo.<\/strong><\/p>\n<\/div><\/div><\/div><div class=\"w-popup-closer\"><\/div><\/div><\/div><\/div><\/div><div class=\"wpb_column vc_column_container\"><div class=\"vc_column-inner\"><\/div><\/div><\/div><\/div><\/section>\n","protected":false},"excerpt":{"rendered":"Professional Equipment in Thermal and Combustion Processes Thermal Engineering Inc. was founded in 1997, with the idea of developing engineering projects and supply consultancy services in energy and thermic processes areas. With the increase of the need of our clients for counting with \u201cturnkey\u201d solutions, we decided to complement our engineering services with the representation...","protected":false},"author":1,"featured_media":0,"parent":0,"menu_order":0,"comment_status":"closed","ping_status":"closed","template":"","meta":{"footnotes":""},"class_list":["post-38","page","type-page","status-publish","hentry"],"acf":[],"_links":{"self":[{"href":"https:\/\/www.thermal.cl\/en\/wp-json\/wp\/v2\/pages\/38","targetHints":{"allow":["GET"]}}],"collection":[{"href":"https:\/\/www.thermal.cl\/en\/wp-json\/wp\/v2\/pages"}],"about":[{"href":"https:\/\/www.thermal.cl\/en\/wp-json\/wp\/v2\/types\/page"}],"author":[{"embeddable":true,"href":"https:\/\/www.thermal.cl\/en\/wp-json\/wp\/v2\/users\/1"}],"replies":[{"embeddable":true,"href":"https:\/\/www.thermal.cl\/en\/wp-json\/wp\/v2\/comments?post=38"}],"version-history":[{"count":15,"href":"https:\/\/www.thermal.cl\/en\/wp-json\/wp\/v2\/pages\/38\/revisions"}],"predecessor-version":[{"id":821,"href":"https:\/\/www.thermal.cl\/en\/wp-json\/wp\/v2\/pages\/38\/revisions\/821"}],"wp:attachment":[{"href":"https:\/\/www.thermal.cl\/en\/wp-json\/wp\/v2\/media?parent=38"}],"curies":[{"name":"wp","href":"https:\/\/api.w.org\/{rel}","templated":true}]}}